{"id":4010,"date":"2022-08-09T02:07:48","date_gmt":"2022-08-09T02:07:48","guid":{"rendered":"https:\/\/portaleventos.com.ar\/?page_id=4010"},"modified":"2022-09-12T12:19:40","modified_gmt":"2022-09-12T15:19:40","slug":"politica-y-privacidad","status":"publish","type":"page","link":"https:\/\/www.aldealatam.com\/en\/politica-y-privacidad\/","title":{"rendered":"Politica y privacidad"},"content":{"rendered":"<div data-elementor-type=\"wp-page\" data-elementor-id=\"4010\" class=\"elementor elementor-4010\" data-elementor-post-type=\"page\">\n\t\t\t\t\t\t<section class=\"elementor-section elementor-top-section elementor-element elementor-element-eb73480 elementor-section-boxed elementor-section-height-default elementor-section-height-default\" data-id=\"eb73480\" data-element_type=\"section\" data-e-type=\"section\">\n\t\t\t\t\t\t<div class=\"elementor-container elementor-column-gap-no\">\n\t\t\t\t\t<div class=\"elementor-column elementor-col-100 elementor-top-column elementor-element elementor-element-db8e7d5\" data-id=\"db8e7d5\" data-element_type=\"column\" data-e-type=\"column\">\n\t\t\t<div class=\"elementor-widget-wrap elementor-element-populated\">\n\t\t\t\t\t\t<div class=\"elementor-element elementor-element-7082788 elementor-widget elementor-widget-text-editor\" data-id=\"7082788\" data-element_type=\"widget\" data-e-type=\"widget\" data-widget_type=\"text-editor.default\">\n\t\t\t\t<div class=\"elementor-widget-container\">\n\t\t\t\t\t\t\t\t\t<p>\u00a0<\/p><p>\u00a0<\/p><p>\u00a0<\/p><p><b>ALDEA DESAF\u00cdOS DIGITALES, una marca registrada de TECNOLOG\u00cdAS INFORM\u00c1TICAS INTEGRADAS S.A.\u00a0<\/b><span style=\"font-weight: 400;\">(en adelante, \u2018ALDEA\u2019) respeta la privacidad de toda persona (en adelante el \u2018Usuario\u2019 o \u2018Ud.\u2019) que acceda, navegue, utilice, y\/o se registre en nuestro sitio en la Web\u00a0<\/span><a href=\"https:\/\/www.aldealatam.com\/en\/\"><span style=\"font-weight: 400;\">https:\/\/www.aldealatam.com\/<\/span><\/a><span style=\"font-weight: 400;\"> o cualquier otro sitio al cual se acceda mediante un enlace, link o v\u00ednculo similar que sea propiedad de ALDEA (en adelante la \u2018P\u00e1gina Web\u2019). Esta pol\u00edtica de privacidad (en adelante, la \u2018Pol\u00edtica de Privacidad\u2019) describe la informaci\u00f3n que ALDEA puede recopilar sobre Ud. y el uso que puede dar a esa informaci\u00f3n. Tambi\u00e9n explica las medidas de seguridad tomadas por ALDEA para proteger su informaci\u00f3n, su posibilidad de solicitar el acceso, rectificaci\u00f3n, modificaci\u00f3n o supresi\u00f3n de su informaci\u00f3n personal, y a qui\u00e9n podr\u00e1 contactar en ALDEA para que sus preguntas en relaci\u00f3n con esta Pol\u00edtica de Privacidad sean contestadas y sean resueltos los asuntos que puedan surgir. Esta Pol\u00edtica de Privacidad contempla la recopilaci\u00f3n y el uso de informaci\u00f3n personal del Usuario en la P\u00e1gina Web, as\u00ed como tambi\u00e9n la recopilaci\u00f3n y el uso de informaci\u00f3n personal del Usuario en cualquier otro sitio vinculado a la mismo.<\/span><\/p><p><b>Consentimiento<\/b><\/p><p><span style=\"font-weight: 400;\">Al acceder, navegar, utilizar y\/o registrarse en la P\u00e1gina Web, Ud. autoriza expresamente a ALDEA a recopilar, usar, tratar, divulgar, ceder, transferir, etc. su informaci\u00f3n personal de acuerdo con la siguiente Pol\u00edtica de Privacidad. Si Ud. no est\u00e1 de acuerdo con esta Pol\u00edtica de Privacidad, por favor, no utilice la P\u00e1gina Web.<\/span><\/p><p><b>Informaci\u00f3n recopilada autom\u00e1ticamente<\/b><\/p><ol><li><b> Informaci\u00f3n de navegaci\u00f3n.<\/b><span style=\"font-weight: 400;\">Como es usual en muchas p\u00e1ginas, el servidor de la P\u00e1gina Web recaba autom\u00e1ticamente cierta informaci\u00f3n concerniente a los usuarios de la P\u00e1gina Web, tales como: direcci\u00f3n del Protocolo Internet (IP) de su computadora, direcci\u00f3n del IP de su Proveedor de servicio de Internet, fecha y hora en que ingres\u00f3 en la P\u00e1gina Web, direcci\u00f3n Internet de la p\u00e1gina desde la que se conect\u00f3 directamente a nuestra P\u00e1gina Web, sistema operativo que est\u00e1 usando, secciones de la P\u00e1gina Web que Ud. visit\u00f3, p\u00e1ginas le\u00eddas e im\u00e1genes visualizadas, y cualquier otro contenido que haya enviado o bajado de la P\u00e1gina Web. Utilizamos esta informaci\u00f3n con prop\u00f3sitos administrativos o estad\u00edsticos y\/o para mejorar el servicio que brinda la P\u00e1gina Web.<\/span><\/li><li><b> Cookies.<\/b><span style=\"font-weight: 400;\">La P\u00e1gina Web utiliza \u2018cookies\u2019, una tecnolog\u00eda que instala informaci\u00f3n en la computadora de un usuario de una p\u00e1gina Web a los efectos de permitir que \u00e9sta reconozca futuras visitas por parte de esa computadora. Las cookies aumentan la conveniencia y mejoran el uso de la P\u00e1gina Web. Por ejemplo, ALDEA utiliza la informaci\u00f3n proporcionada mediante las cookies para: reconocerlo como Usuario anterior de la P\u00e1gina Web; ofrecerle un contenido personalizado de la P\u00e1gina Web e informaci\u00f3n para su uso personal; rastrear su actividad en la P\u00e1gina Web; completar formularios en l\u00ednea con sus datos personales para responder a sus necesidades e inquietudes de forma m\u00e1s eficiente; y facilitar y mejorar su experiencia en la P\u00e1gina Web.<\/span><\/li><\/ol><p><span style=\"font-weight: 400;\">Ud. podr\u00e1 optar por rechazar las \u2018cookies\u2019 si su navegador as\u00ed lo permite, pero eso podr\u00eda afectar su utilizaci\u00f3n de la P\u00e1gina Web y su capacidad para acceder a ciertas secciones. La publicidad desplegada en la P\u00e1gina Web tambi\u00e9n puede contener cookies u otras tecnolog\u00edas. Dicha publicidad puede provenir de terceras compa\u00f1\u00edas de publicidad. Ponemos en su conocimiento que ALDEA no tiene ning\u00fan control, responsabilidad u obligaci\u00f3n con respecto a esas cookies u otras tecnolog\u00edas similares utilizadas en dicha publicidad o respecto al uso y\/o divulgaci\u00f3n de informaci\u00f3n recolectada a trav\u00e9s de las cookies de publicidad.<\/span><\/p><p><b>Informaci\u00f3n personal proporcionada espec\u00edficamente<\/b><\/p><p><span style=\"font-weight: 400;\">Al momento de registrarse en uno o m\u00e1s de nuestros servicios, es posible que se le solicite que proporcione ciertos datos personales para prop\u00f3sitos tales como facilitar la comunicaci\u00f3n con Ud., posibilitar el acceso a ciertas secciones o \u00e1reas de la P\u00e1gina Web, participar en promociones organizadas por ALDEA, u otras empresas dentro de la P\u00e1gina Web, etc. Ud. siempre tendr\u00e1 la opci\u00f3n de elegir si desea o no proporcionar informaci\u00f3n personal. En caso de elegir no proporcionar la informaci\u00f3n personal solicitada, es posible que Ud. no pueda acceder a ciertas secciones de nuestra P\u00e1gina Web o utilizar los servicios que se brindan en ella.<\/span><\/p><p><b>Registro<\/b><\/p><p><span style=\"font-weight: 400;\">Algunas \u00e1reas de la P\u00e1gina Web pueden exigir que el Usuario se registre en la P\u00e1gina Web creando para ello una cuenta de usuario. En caso de registrarse, el Usuario acepta y se obliga a\u00a0<\/span><b>(A)<\/b><span style=\"font-weight: 400;\">\u00a0suministrar datos exactos, actuales y completos sobre su persona, como se solicita en la forma de registro; y\u00a0<\/span><b>(B)<\/b><span style=\"font-weight: 400;\">\u00a0mantener actualizados sus datos en la P\u00e1gina Web, de manera que la informaci\u00f3n permanezca exacta, veraz, actualizada y completa. El Usuario responder\u00e1, en cualquier caso, sobre la veracidad de los datos facilitados, reserv\u00e1ndose ALDEA el derecho de excluir a todo Usuario que haya facilitado datos falsos, sin perjuicio de iniciar las acciones legales que correspondieren.<\/span><\/p><p><b>Nuestro uso de su informaci\u00f3n personal<\/b><\/p><p><span style=\"font-weight: 400;\">En caso de que Ud. nos brinde informaci\u00f3n personal, le comunicamos que dicha informaci\u00f3n personal ser\u00e1 objeto de tratamiento por ALDEA e incorporada a la base de datos de ALDEA. La recolecci\u00f3n y tratamiento de informaci\u00f3n y\/o datos de car\u00e1cter personal tiene por finalidad la prestaci\u00f3n, gesti\u00f3n, administraci\u00f3n, actualizaci\u00f3n y mejora de los servicios y contenidos puestos a disposici\u00f3n de los usuarios por parte de ALDEA a trav\u00e9s de su P\u00e1gina Web. Asimismo, los datos personales podr\u00e1n ser utilizados para la participaci\u00f3n de sorteos, promociones, ofertas, para el env\u00edo de comunicaciones a los usuarios en lo referente a los servicios y contenidos brindados por ALDEA, as\u00ed como tambi\u00e9n para cualquier otro uso permitido por la ley.<\/span><\/p><p><b>Divulgaci\u00f3n de su informaci\u00f3n personal<\/b><\/p><p><span style=\"font-weight: 400;\">ALDEA no compartir\u00e1, ceder\u00e1 ni transferir\u00e1 su informaci\u00f3n personal a terceros, salvo en los casos previstos en la presente Pol\u00edtica de Privacidad. El Usuario consiente en forma expresa que ALDEA podr\u00e1 transferir, total o parcialmente, informaci\u00f3n personal del Usuario a empresas controladas, controlantes y\/o vinculadas, asesores profesionales, entidades gubernamentales y\/o prestadores de servicios, en la medida necesaria para el cumplimiento de las finalidades descriptas en la presente Pol\u00edtica de Privacidad y\/u obligaciones legales, aceptando y consintiendo que, en algunos casos, dichos destinatarios podr\u00edan encontrarse o tener operaciones relevantes en jurisdicciones cuyo nivel de protecci\u00f3n podr\u00eda no ser equivalente al otorgado por la legislaci\u00f3n argentina. En esos casos, ALDEA deber\u00e1 necesariamente compartir la informaci\u00f3n personal del Usuario s\u00f3lo a los efectos del cumplimiento del objeto para el cual fue solicitada la informaci\u00f3n, para lo cual el Usuario que acepte participar de esos servicios presta su consentimiento a tal fin.<\/span><\/p><p><span style=\"font-weight: 400;\">Divulgaci\u00f3n a terceras partes de acuerdo con el uso que Ud. hace de la P\u00e1gina Web. Cuando Ud. suba fotograf\u00edas u otros materiales a la P\u00e1gina Web, su nombre de usuario y direcci\u00f3n electr\u00f3nica ser\u00e1n presentados en la P\u00e1gina Web como la fuente de tales materiales. Los materiales, incluyendo fotograf\u00edas y otros gr\u00e1ficos exhibidos en la P\u00e1gina Web estar\u00e1n generalmente disponibles para todos los usuarios de la P\u00e1gina Web, a menos que los materiales est\u00e9n sujetos a una clave de \u00e1lbum o contrase\u00f1a, en cuyo caso los materiales podr\u00e1n ser accedidos solamente por usuarios de la P\u00e1gina Web que ingresen, en forma previa, la clave o contrase\u00f1a respectiva, as\u00ed como por ALDEA y\/o los posibles destinatarios mencionados en la presente Pol\u00edtica de Privacidad.<\/span><\/p><p><span style=\"font-weight: 400;\">Cumplimiento de la ley y divulgaci\u00f3n legal. ALDEA podr\u00e1 revelar informaci\u00f3n personal a terceros sin su consentimiento tal como es requerido por ley o por resoluci\u00f3n judicial que as\u00ed lo autorice, para cooperar con autoridades gubernamentales en investigaciones judiciales y\/o administrativas y para hacer cumplir o proteger la propiedad intelectual o derechos contractuales de ALDEA o sus Usuarios.<\/span><\/p><p><b>Asegurando su informaci\u00f3n<\/b><\/p><p><span style=\"font-weight: 400;\">Para prevenir el acceso no autorizado, mantener la seguridad y confidencialidad de los datos personales y asegurar el uso correcto de la informaci\u00f3n, ALDEA ha puesto en uso ciertos medios f\u00edsicos, electr\u00f3nicos, administrativos y procedimientos de seguridad que protegen y aseguran la informaci\u00f3n que se recopila en la P\u00e1gina Web. ALDEA resguarda la informaci\u00f3n de acuerdo con est\u00e1ndares y procedimientos de seguridad establecidos por la normativa aplicable y continuamente eval\u00faa nuevas tecnolog\u00edas para proteger la informaci\u00f3n. Sin embargo, Ud. reconoce que los medios t\u00e9cnicos existentes que brindan seguridad no son inexpugnables, y que aun cuando se adopten todos los recaudos razonables de seguridad es posible sufrir manipulaciones, destrucci\u00f3n y\/o p\u00e9rdida de informaci\u00f3n. Por otro lado, mientras intentamos proteger su informaci\u00f3n personal, Ud. tambi\u00e9n deber\u00e1 tomar medidas para proteger su informaci\u00f3n. Le insistimos en que tome toda precauci\u00f3n posible para proteger su informaci\u00f3n personal mientras se encuentre utilizando la P\u00e1gina Web. Como m\u00ednimo, le aconsejamos asegurarse de que est\u00e1 utilizando un navegador seguro al estar conectado a Internet, y no compartir su clave o contrase\u00f1a con otras personas.<\/span><\/p><p><b>Derechos sobre su informaci\u00f3n personal<\/b><\/p><p><span style=\"font-weight: 400;\">ALDEA garantiza, respecto de la informaci\u00f3n personal proporcionada, el debido ejercicio de los derechos de los usuarios que conceden las disposiciones que regulan la Protecci\u00f3n de Datos Personales vigentes en la Rep\u00fablica Argentina. De este modo, el Usuario podr\u00e1 ejercer los derechos de acceso, rectificaci\u00f3n, actualizaci\u00f3n o supresi\u00f3n de datos y oposici\u00f3n. El ejercicio de dichos derechos podr\u00e1 ser efectivizado por cada Usuario mediante el env\u00edo de un correo electr\u00f3nico dirigido a\u00a0<\/span><a href=\"mailto:consultas@aldealatam.com\"><span style=\"font-weight: 400;\">consultas@aldealatam.com<\/span><\/a><span style=\"font-weight: 400;\">. Ante el requerimiento formal realizado por parte del Usuario, ALDEA proceder\u00e1 a brindar el acceso a su informaci\u00f3n personal, as\u00ed como a rectificar, actualizar o suprimir los datos personales del afectado seg\u00fan corresponda, en los t\u00e9rminos y plazos legales y cuando ello fuere procedente. La supresi\u00f3n de alg\u00fan\/os datos no proceder\u00e1 cuando pudiese causar perjuicios a derechos o intereses leg\u00edtimos de terceros, o cuando existiera una obligaci\u00f3n legal de conservar los datos. Por \u00faltimo, debajo incluimos el texto requerido por la Disposici\u00f3n N\u00b0 10\/2008, emitida por la Direcci\u00f3n Nacional de Protecci\u00f3n de Datos Personales en relaci\u00f3n a los derechos de los titulares de los datos personales.<\/span><\/p><p><span style=\"font-weight: 400;\">\u2018EL TITULAR DE LOS DATOS PERSONALES TIENE LA FACULTAD DE EJERCER EL DERECHO DE ACCESO A LOS MISMOS EN FORMA GRATUITA A INTERVALOS NO INFERIORES A SEIS MESES, SALVO QUE SE ACREDITE UN INTER\u00c9S LEG\u00cdTIMO AL EFECTO CONFORME LO ESTABLECIDO EN EL ART\u00cdCULO 14, INCISO 3 DE LA LEY N\u00ba 25.326\u2019.<\/span><\/p><p><b>Acceso a otros sitios<\/b><\/p><p><span style=\"font-weight: 400;\">La P\u00e1gina Web puede contener v\u00ednculos hacia otros sitios o recursos de Internet, incluyendo sitios operados por los socios comerciales de la P\u00e1gina Web, sus proveedores de servicios y\/o proveedores de contenido. Cuando accede a estos sitios a trav\u00e9s de los enlaces o v\u00ednculos correspondientes, Ud. reconoce estar contact\u00e1ndose con otro sitio distinto a la P\u00e1gina Web de ALDEA. En este sentido, ALDEA no tiene ninguna responsabilidad, obligaci\u00f3n y\/o control con respecto a los contenidos disponibles en esos otros sitios o a la recolecci\u00f3n, uso, tratamiento y\/o divulgaci\u00f3n que \u00e9stos hagan de su informaci\u00f3n personal. Se sugiere al Usuario la revisi\u00f3n de las pol\u00edticas de privacidad de tales terceras partes para comprender de qu\u00e9 forma recopilan y usan la informaci\u00f3n.<\/span><\/p><p><b>T\u00e9rminos y condiciones de la p\u00e1gina web<\/b><\/p><p><span style=\"font-weight: 400;\">El acuerdo de utilizaci\u00f3n de la P\u00e1gina Web (el cual se puede acceder haciendo clic\u00a0en\u00a0<\/span><a href=\"https:\/\/www.tiiselam.com\/terminos\"><span style=\"font-weight: 400;\">T\u00e9rminos y Condiciones<\/span><\/a><span style=\"font-weight: 400;\">) contiene cl\u00e1usulas importantes sobre, por ejemplo, la limitaci\u00f3n o exclusi\u00f3n de la obligaci\u00f3n de ALDEA con respecto al uso que se hiciera de la P\u00e1gina Web; determinaci\u00f3n de la ley aplicable y la jurisdicci\u00f3n exclusiva para la resoluci\u00f3n de cualquier disputa concerniente a la P\u00e1gina Web. Al acceder, navegar, utilizar y\/o registrarse en la P\u00e1gina Web, Ud. expresamente reconoce y acepta las disposiciones contenidas en los T\u00e9rminos y Condiciones. Cada una de dichas cl\u00e1usulas es aplicable a cualquier disputa que pudiera surgir en relaci\u00f3n con esta Pol\u00edtica de Privacidad o con la recopilaci\u00f3n, uso, tratamiento y\/o divulgaci\u00f3n que ALDEA hiciera de su informaci\u00f3n personal.<\/span><\/p><p><b>Conservaci\u00f3n de datos de usuarios<\/b><\/p><p><span style=\"font-weight: 400;\">ALDEA conservar\u00e1 su informaci\u00f3n personal por el t\u00e9rmino necesario para el cumplimiento de las finalidades descriptas en la presente Pol\u00edtica de Privacidad y\/u obligaciones legales. La informaci\u00f3n personal que se recabe del Usuario ser\u00e1 destruida cuando haya dejado de ser necesaria o pertinente a los fines para los cuales hubiese sido recolectada, salvo que exista una obligaci\u00f3n legal de conservarla por un t\u00e9rmino mayor.<\/span><\/p><p><b>Cambios a esta pol\u00edtica de privacidad<\/b><\/p><p><span style=\"font-weight: 400;\">ALDEA se reserva el derecho de modificar esta Pol\u00edtica de Privacidad peri\u00f3dicamente, sin previa notificaci\u00f3n y\/o consentimiento del Usuario. La utilizaci\u00f3n de nuestra P\u00e1gina Web despu\u00e9s de operado el\/los cambio\/s instrumentado\/s a esta Pol\u00edtica de Privacidad importa la aceptaci\u00f3n de dicha\/s modificaci\u00f3n\/es. Le sugerimos la visita peri\u00f3dica de esta Pol\u00edtica de Privacidad para estar informado de la versi\u00f3n m\u00e1s actual.<\/span><\/p><p><b>Comentarios<\/b><\/p><p><span style=\"font-weight: 400;\">Si Ud. tiene alg\u00fan comentario o pregunta acerca de esta Pol\u00edtica de Privacidad o sobre su informaci\u00f3n personal, por favor, cont\u00e1ctese con\u00a0<\/span><a href=\"mailto:consultas@aldealatam.com\"><span style=\"font-weight: 400;\">consultas@aldealatam.com<\/span><\/a><\/p>\t\t\t\t\t\t\t\t<\/div>\n\t\t\t\t<\/div>\n\t\t\t\t\t<\/div>\n\t\t<\/div>\n\t\t\t\t\t<\/div>\n\t\t<\/section>\n\t\t\t\t<\/div>","protected":false},"excerpt":{"rendered":"ALDEA DESAF\u00cdOS DIGITALES, una marca registrada de TECNOLOG\u00cdAS INFORM\u00c1TICAS INTEGRADAS S.A.&nbsp;(en adelante, \u2018ALDEA\u2019) respeta la privacidad de toda persona (en adelante el \u2018Usuario\u2019 o \u2018Ud.\u2019) que acceda, navegue, utilice, y\/o se registre en nuestro sitio en la Web&nbsp;https:\/\/www.aldealatam.com\/ o cualquier&#8230;","protected":false},"author":7,"featured_media":0,"parent":0,"menu_order":0,"comment_status":"closed","ping_status":"closed","template":"","meta":{"_joinchat":[],"footnotes":""},"class_list":["post-4010","page","type-page","status-publish","hentry"],"_links":{"self":[{"href":"https:\/\/www.aldealatam.com\/en\/wp-json\/wp\/v2\/pages\/4010"}],"collection":[{"href":"https:\/\/www.aldealatam.com\/en\/wp-json\/wp\/v2\/pages"}],"about":[{"href":"https:\/\/www.aldealatam.com\/en\/wp-json\/wp\/v2\/types\/page"}],"author":[{"embeddable":true,"href":"https:\/\/www.aldealatam.com\/en\/wp-json\/wp\/v2\/users\/7"}],"replies":[{"embeddable":true,"href":"https:\/\/www.aldealatam.com\/en\/wp-json\/wp\/v2\/comments?post=4010"}],"version-history":[{"count":15,"href":"https:\/\/www.aldealatam.com\/en\/wp-json\/wp\/v2\/pages\/4010\/revisions"}],"predecessor-version":[{"id":5034,"href":"https:\/\/www.aldealatam.com\/en\/wp-json\/wp\/v2\/pages\/4010\/revisions\/5034"}],"wp:attachment":[{"href":"https:\/\/www.aldealatam.com\/en\/wp-json\/wp\/v2\/media?parent=4010"}],"curies":[{"name":"wp","href":"https:\/\/api.w.org\/{rel}","templated":true}]}}