{"id":6783,"date":"2024-09-03T09:55:02","date_gmt":"2024-09-03T12:55:02","guid":{"rendered":"https:\/\/www.aldealatam.com\/?page_id=6783"},"modified":"2024-09-18T13:42:51","modified_gmt":"2024-09-18T16:42:51","slug":"automatizacion-inteligente","status":"publish","type":"page","link":"https:\/\/www.aldealatam.com\/en\/automatizacion-inteligente\/","title":{"rendered":"Automatizaci\u00f3n Inteligente"},"content":{"rendered":"<div data-elementor-type=\"wp-page\" data-elementor-id=\"6783\" class=\"elementor elementor-6783\" data-elementor-post-type=\"page\">\n\t\t\t\t\t\t<section class=\"elementor-section elementor-top-section elementor-element elementor-element-9f93f76 elementor-section-boxed elementor-section-height-default elementor-section-height-default\" data-id=\"9f93f76\" data-element_type=\"section\" data-e-type=\"section\" data-settings=\"{&quot;background_background&quot;:&quot;classic&quot;}\">\n\t\t\t\t\t\t\t<div class=\"elementor-background-overlay\"><\/div>\n\t\t\t\t\t\t\t<div class=\"elementor-container elementor-column-gap-default\">\n\t\t\t\t\t<div class=\"elementor-column elementor-col-100 elementor-top-column elementor-element elementor-element-7c0013a\" data-id=\"7c0013a\" data-element_type=\"column\" data-e-type=\"column\">\n\t\t\t<div class=\"elementor-widget-wrap elementor-element-populated\">\n\t\t\t\t\t\t<div class=\"elementor-element elementor-element-ff181c3 elementor-invisible elementor-widget elementor-widget-pix-text\" data-id=\"ff181c3\" data-element_type=\"widget\" data-e-type=\"widget\" data-widget_type=\"pix-text.default\">\n\t\t\t\t<div class=\"elementor-widget-container\">\n\t\t\t\t\t<div class=\"pix-el-text w-100 text-center\" ><p class=\"text-24  text-orange text-center font-weight-bold\" ><span class=\"text-orange animate-in d-inline-block\" data-anim-delay=\"1200\" data-anim-type=\"fade-in-up\">WEBINAR EXCLUSIVO<\/span><\/p><\/div>\t\t\t\t<\/div>\n\t\t\t\t<\/div>\n\t\t\t\t<div class=\"elementor-element elementor-element-3830923 elementor-widget elementor-widget-text-editor\" data-id=\"3830923\" data-element_type=\"widget\" data-e-type=\"widget\" data-widget_type=\"text-editor.default\">\n\t\t\t\t<div class=\"elementor-widget-container\">\n\t\t\t\t\t\t\t\t\t<h2 style=\"text-align: center; line-height: 1em; font-size: 60px;\"><strong><span style=\"color: #ffffff;\">Automatizaci\u00f3n Inteligente: Business Central y Copilot en Acci\u00f3nTu Socio en Soluciones ERP<\/span><\/strong><\/h2>\t\t\t\t\t\t\t\t<\/div>\n\t\t\t\t<\/div>\n\t\t\t\t\t<\/div>\n\t\t<\/div>\n\t\t\t\t\t<\/div>\n\t\t<\/section>\n\t\t\t\t<section data-pix-dividers=\"&lt;div class=&quot;pix-divider  position-relative pix-top-divider&quot; data-style=&quot;style-2&quot; style=&quot;top:-1px;&quot;&gt;&lt;svg xmlns=&quot;http:\/\/www.w3.org\/2000\/svg&quot; width=&quot;100%&quot;  viewBox=&quot;0 0 1200 364&quot; preserveAspectRatio=&quot;none&quot;&gt;&lt;path fill=&quot;rgba(255,255,255,0.3)&quot;  d=&quot;M1200,0.55773623 L1200,363.982078 L-1.13686838e-13,363.982078 L-1.13686838e-13,8.52651283e-14 L361.158647,300.381996 C373.674917,310.791998 378.79313,313.776617 384.997108,316.182554 C391.201087,318.58849 397.469093,319.565948 404.11106,319.163259 C410.753026,318.760571 416.536981,317.476079 431.628622,311.371365 L1200,0.55773623 Z&quot;  \/&gt;&lt;path fill=&quot;rgba(255,255,255,0.6)&quot;  d=&quot;M1200,20.5577362 L1200,363.982078 L0,363.982078 L0,20 L361.158647,320.381996 C373.674917,330.791998 378.79313,333.776617 384.997108,336.182554 C391.201087,338.58849 397.469093,339.565948 404.11106,339.163259 C410.753026,338.760571 416.536981,337.476079 431.628622,331.371365 L1200,20.5577362 Z&quot; \/&gt;&lt;path fill=&quot;#ffffff&quot; d=&quot;M1200,40.5577362 L1200,363.982078 L0,363.982078 L0,40 L361.158647,340.381996 C373.674917,350.791998 378.79313,353.776617 384.997108,356.182554 C391.201087,358.58849 397.469093,359.565948 404.11106,359.163259 C410.753026,358.760571 416.536981,357.476079 431.628622,351.371365 L1200,40.5577362 Z&quot;\/&gt;&lt;defs&gt;&lt;\/defs&gt;&lt;\/svg&gt;&lt;\/div&gt;\" class=\"elementor-section elementor-top-section elementor-element elementor-element-9777b1e elementor-section-stretched elementor-section-boxed elementor-section-height-default elementor-section-height-default\" data-id=\"9777b1e\" data-element_type=\"section\" data-e-type=\"section\" data-settings=\"{&quot;stretch_section&quot;:&quot;section-stretched&quot;,&quot;background_background&quot;:&quot;classic&quot;}\">\n\t\t\t\t\t\t<div class=\"elementor-container elementor-column-gap-extended\">\n\t\t\t\t\t<div class=\"elementor-column elementor-col-33 elementor-top-column elementor-element elementor-element-41748b6\" data-id=\"41748b6\" data-element_type=\"column\" data-e-type=\"column\" data-settings=\"{&quot;background_background&quot;:&quot;classic&quot;}\">\n\t\t\t<div class=\"elementor-widget-wrap\">\n\t\t\t\t\t\t\t<\/div>\n\t\t<\/div>\n\t\t\t\t<div class=\"elementor-column elementor-col-33 elementor-top-column elementor-element elementor-element-6444ae0\" data-id=\"6444ae0\" data-element_type=\"column\" data-e-type=\"column\" data-settings=\"{&quot;background_background&quot;:&quot;classic&quot;}\">\n\t\t\t<div class=\"elementor-widget-wrap elementor-element-populated\">\n\t\t\t\t\t\t<div class=\"elementor-element elementor-element-e1fb783 elementor-widget elementor-widget-heading\" data-id=\"e1fb783\" data-element_type=\"widget\" data-e-type=\"widget\" data-widget_type=\"heading.default\">\n\t\t\t\t<div class=\"elementor-widget-container\">\n\t\t\t\t\t<h2 class=\"elementor-heading-title elementor-size-default\">Temas<\/h2>\t\t\t\t<\/div>\n\t\t\t\t<\/div>\n\t\t\t\t<div class=\"elementor-element elementor-element-4f94939 elementor-widget-divider--view-line elementor-widget elementor-widget-divider\" data-id=\"4f94939\" data-element_type=\"widget\" data-e-type=\"widget\" data-widget_type=\"divider.default\">\n\t\t\t\t<div class=\"elementor-widget-container\">\n\t\t\t\t\t\t\t<div class=\"elementor-divider\">\n\t\t\t<span class=\"elementor-divider-separator\">\n\t\t\t\t\t\t<\/span>\n\t\t<\/div>\n\t\t\t\t\t\t<\/div>\n\t\t\t\t<\/div>\n\t\t\t\t<div class=\"elementor-element elementor-element-121d537 elementor-widget elementor-widget-heading\" data-id=\"121d537\" data-element_type=\"widget\" data-e-type=\"widget\" data-widget_type=\"heading.default\">\n\t\t\t\t<div class=\"elementor-widget-container\">\n\t\t\t\t\t<h3 class=\"elementor-heading-title elementor-size-default\">Destacar c\u00f3mo la combinaci\u00f3n de Business Central y Copilot puede transformar la eficiencia operativa.<\/h3>\t\t\t\t<\/div>\n\t\t\t\t<\/div>\n\t\t\t\t<div class=\"elementor-element elementor-element-b8d567c elementor-widget elementor-widget-heading\" data-id=\"b8d567c\" data-element_type=\"widget\" data-e-type=\"widget\" data-widget_type=\"heading.default\">\n\t\t\t\t<div class=\"elementor-widget-container\">\n\t\t\t\t\t<h3 class=\"elementor-heading-title elementor-size-default\">Ejemplos concretos de tareas automatizadas y flujos de trabajo simplificados.<\/h3>\t\t\t\t<\/div>\n\t\t\t\t<\/div>\n\t\t\t\t<div class=\"elementor-element elementor-element-7a9271c elementor-widget elementor-widget-text-editor\" data-id=\"7a9271c\" data-element_type=\"widget\" data-e-type=\"widget\" data-widget_type=\"text-editor.default\">\n\t\t\t\t<div class=\"elementor-widget-container\">\n\t\t\t\t\t\t\t\t\t<p class=\"m_-1829751582457528765MsoListParagraph\"><strong>Este webinar, dirigido a empresarios y responsables de \u00e1reas clave que buscan mejorar la eficiencia operativa y la toma de decisiones, te mostrar\u00e1 c\u00f3mo estas herramientas potentes e innovadoras pueden transformar por completo la manera en que operas. Te ayudaremos a comprender c\u00f3mo la integraci\u00f3n de Business Central y Copilot puede automatizar procesos, reducir errores y permitirte tomar decisiones informadas en tiempo real.<\/strong><u><\/u><u><\/u><\/p>\t\t\t\t\t\t\t\t<\/div>\n\t\t\t\t<\/div>\n\t\t\t\t\t<\/div>\n\t\t<\/div>\n\t\t\t\t<div class=\"elementor-column elementor-col-33 elementor-top-column elementor-element elementor-element-07ee0b2\" data-id=\"07ee0b2\" data-element_type=\"column\" data-e-type=\"column\" data-settings=\"{&quot;background_background&quot;:&quot;classic&quot;}\">\n\t\t\t<div class=\"elementor-widget-wrap\">\n\t\t\t\t\t\t\t<\/div>\n\t\t<\/div>\n\t\t\t\t\t<\/div>\n\t\t<\/section>\n\t\t\t\t<section class=\"elementor-section elementor-top-section elementor-element elementor-element-42208b3 elementor-section-stretched elementor-section-boxed elementor-section-height-default elementor-section-height-default\" data-id=\"42208b3\" data-element_type=\"section\" data-e-type=\"section\" data-settings=\"{&quot;stretch_section&quot;:&quot;section-stretched&quot;,&quot;background_background&quot;:&quot;classic&quot;}\">\n\t\t\t\t\t\t<div class=\"elementor-container elementor-column-gap-extended\">\n\t\t\t\t\t<div class=\"elementor-column elementor-col-33 elementor-top-column elementor-element elementor-element-626d69a\" data-id=\"626d69a\" data-element_type=\"column\" data-e-type=\"column\" data-settings=\"{&quot;background_background&quot;:&quot;classic&quot;}\">\n\t\t\t<div class=\"elementor-widget-wrap elementor-element-populated\">\n\t\t\t\t\t<div class=\"elementor-background-overlay\"><\/div>\n\t\t\t\t\t\t<div class=\"elementor-element elementor-element-8d4ecc5 elementor-view-default elementor-position-block-start elementor-mobile-position-block-start elementor-widget elementor-widget-icon-box\" data-id=\"8d4ecc5\" data-element_type=\"widget\" data-e-type=\"widget\" data-widget_type=\"icon-box.default\">\n\t\t\t\t<div class=\"elementor-widget-container\">\n\t\t\t\t\t\t\t<div class=\"elementor-icon-box-wrapper\">\n\n\t\t\t\t\t\t<div class=\"elementor-icon-box-icon\">\n\t\t\t\t<span  class=\"elementor-icon\">\n\t\t\t\t<i aria-hidden=\"true\" class=\"far fa-calendar-alt\"><\/i>\t\t\t\t<\/span>\n\t\t\t<\/div>\n\t\t\t\n\t\t\t\t\t\t<div class=\"elementor-icon-box-content\">\n\n\t\t\t\t\t\t\t\t\t<h3 class=\"elementor-icon-box-title\">\n\t\t\t\t\t\t<span  >\n\t\t\t\t\t\t\t25 de septiembre\t\t\t\t\t\t<\/span>\n\t\t\t\t\t<\/h3>\n\t\t\t\t\n\t\t\t\t\n\t\t\t<\/div>\n\t\t\t\n\t\t<\/div>\n\t\t\t\t\t\t<\/div>\n\t\t\t\t<\/div>\n\t\t\t\t\t<\/div>\n\t\t<\/div>\n\t\t\t\t<div class=\"elementor-column elementor-col-33 elementor-top-column elementor-element elementor-element-b27b94a\" data-id=\"b27b94a\" data-element_type=\"column\" data-e-type=\"column\" data-settings=\"{&quot;background_background&quot;:&quot;classic&quot;}\">\n\t\t\t<div class=\"elementor-widget-wrap elementor-element-populated\">\n\t\t\t\t\t\t<div class=\"elementor-element elementor-element-8124b36 elementor-view-default elementor-position-block-start elementor-mobile-position-block-start elementor-widget elementor-widget-icon-box\" data-id=\"8124b36\" data-element_type=\"widget\" data-e-type=\"widget\" data-widget_type=\"icon-box.default\">\n\t\t\t\t<div class=\"elementor-widget-container\">\n\t\t\t\t\t\t\t<div class=\"elementor-icon-box-wrapper\">\n\n\t\t\t\t\t\t<div class=\"elementor-icon-box-icon\">\n\t\t\t\t<span  class=\"elementor-icon\">\n\t\t\t\t<i aria-hidden=\"true\" class=\"far fa-clock\"><\/i>\t\t\t\t<\/span>\n\t\t\t<\/div>\n\t\t\t\n\t\t\t\t\t\t<div class=\"elementor-icon-box-content\">\n\n\t\t\t\t\t\t\t\t\t<h3 class=\"elementor-icon-box-title\">\n\t\t\t\t\t\t<span  >\n\t\t\t\t\t\t\t15:00 hs\t\t\t\t\t\t<\/span>\n\t\t\t\t\t<\/h3>\n\t\t\t\t\n\t\t\t\t\n\t\t\t<\/div>\n\t\t\t\n\t\t<\/div>\n\t\t\t\t\t\t<\/div>\n\t\t\t\t<\/div>\n\t\t\t\t\t<\/div>\n\t\t<\/div>\n\t\t\t\t<div class=\"elementor-column elementor-col-33 elementor-top-column elementor-element elementor-element-b93aafa\" data-id=\"b93aafa\" data-element_type=\"column\" data-e-type=\"column\" data-settings=\"{&quot;background_background&quot;:&quot;classic&quot;}\">\n\t\t\t<div class=\"elementor-widget-wrap elementor-element-populated\">\n\t\t\t\t\t\t<div class=\"elementor-element elementor-element-7125c2c elementor-view-default elementor-position-block-start elementor-mobile-position-block-start elementor-widget elementor-widget-icon-box\" data-id=\"7125c2c\" data-element_type=\"widget\" data-e-type=\"widget\" data-widget_type=\"icon-box.default\">\n\t\t\t\t<div class=\"elementor-widget-container\">\n\t\t\t\t\t\t\t<div class=\"elementor-icon-box-wrapper\">\n\n\t\t\t\t\t\t<div class=\"elementor-icon-box-icon\">\n\t\t\t\t<span  class=\"elementor-icon\">\n\t\t\t\t<i aria-hidden=\"true\" class=\"fas fa-tv\"><\/i>\t\t\t\t<\/span>\n\t\t\t<\/div>\n\t\t\t\n\t\t\t\t\t\t<div class=\"elementor-icon-box-content\">\n\n\t\t\t\t\t\t\t\t\t<h3 class=\"elementor-icon-box-title\">\n\t\t\t\t\t\t<span  >\n\t\t\t\t\t\t\tMS Teams\t\t\t\t\t\t<\/span>\n\t\t\t\t\t<\/h3>\n\t\t\t\t\n\t\t\t\t\n\t\t\t<\/div>\n\t\t\t\n\t\t<\/div>\n\t\t\t\t\t\t<\/div>\n\t\t\t\t<\/div>\n\t\t\t\t\t<\/div>\n\t\t<\/div>\n\t\t\t\t\t<\/div>\n\t\t<\/section>\n\t\t\t\t<section class=\"elementor-section elementor-top-section elementor-element elementor-element-670e54ed elementor-section-boxed elementor-section-height-default elementor-section-height-default\" data-id=\"670e54ed\" data-element_type=\"section\" data-e-type=\"section\" data-settings=\"{&quot;background_background&quot;:&quot;classic&quot;,&quot;shape_divider_top&quot;:&quot;triangle&quot;,&quot;shape_divider_bottom&quot;:&quot;tilt&quot;}\">\n\t\t\t\t\t<div class=\"elementor-shape elementor-shape-top\" aria-hidden=\"true\" data-negative=\"false\">\n\t\t\t<svg xmlns=\"http:\/\/www.w3.org\/2000\/svg\" viewbox=\"0 0 1000 100\" preserveaspectratio=\"none\">\n\t<path class=\"elementor-shape-fill\" d=\"M500,98.9L0,6.1V0h1000v6.1L500,98.9z\"\/>\n<\/svg>\t\t<\/div>\n\t\t\t\t<div class=\"elementor-shape elementor-shape-bottom\" aria-hidden=\"true\" data-negative=\"false\">\n\t\t\t<svg xmlns=\"http:\/\/www.w3.org\/2000\/svg\" viewbox=\"0 0 1000 100\" preserveaspectratio=\"none\">\n\t<path class=\"elementor-shape-fill\" d=\"M0,6V0h1000v100L0,6z\"\/>\n<\/svg>\t\t<\/div>\n\t\t\t\t\t<div class=\"elementor-container elementor-column-gap-default\">\n\t\t\t\t\t<div class=\"elementor-column elementor-col-100 elementor-top-column elementor-element elementor-element-734cf64b\" data-id=\"734cf64b\" data-element_type=\"column\" data-e-type=\"column\">\n\t\t\t<div class=\"elementor-widget-wrap elementor-element-populated\">\n\t\t\t\t\t\t<section class=\"elementor-section elementor-inner-section elementor-element elementor-element-146451d1 elementor-section-boxed elementor-section-height-default elementor-section-height-default\" data-id=\"146451d1\" data-element_type=\"section\" data-e-type=\"section\">\n\t\t\t\t\t\t<div class=\"elementor-container elementor-column-gap-default\">\n\t\t\t\t\t<div class=\"elementor-column elementor-col-100 elementor-inner-column elementor-element elementor-element-25098957\" data-id=\"25098957\" data-element_type=\"column\" data-e-type=\"column\">\n\t\t\t<div class=\"elementor-widget-wrap elementor-element-populated\">\n\t\t\t\t\t\t<div class=\"elementor-element elementor-element-6909929e elementor-widget elementor-widget-pix-heading\" data-id=\"6909929e\" data-element_type=\"widget\" data-e-type=\"widget\" data-widget_type=\"pix-heading.default\">\n\t\t\t\t<div class=\"elementor-widget-container\">\n\t\t\t\t\t<div  class=\"pix-heading-el text-center\"><div><div class=\"slide-in-container\"><h1 class=\"font-weight-bold heading-text el-title_custom_color mb-12\" style=\"color:#21B1AD !important;\" data-anim-type=\"\" data-anim-delay=\"\">Oradores<\/h1><\/div><\/div><\/div>\t\t\t\t<\/div>\n\t\t\t\t<\/div>\n\t\t\t\t<div class=\"elementor-element elementor-element-a0767fd elementor-widget-divider--view-line elementor-widget elementor-widget-divider\" data-id=\"a0767fd\" data-element_type=\"widget\" data-e-type=\"widget\" data-widget_type=\"divider.default\">\n\t\t\t\t<div class=\"elementor-widget-container\">\n\t\t\t\t\t\t\t<div class=\"elementor-divider\">\n\t\t\t<span class=\"elementor-divider-separator\">\n\t\t\t\t\t\t<\/span>\n\t\t<\/div>\n\t\t\t\t\t\t<\/div>\n\t\t\t\t<\/div>\n\t\t\t\t\t<\/div>\n\t\t<\/div>\n\t\t\t\t\t<\/div>\n\t\t<\/section>\n\t\t\t\t\t<\/div>\n\t\t<\/div>\n\t\t\t\t\t<\/div>\n\t\t<\/section>\n\t\t\t\t<section class=\"elementor-section elementor-top-section elementor-element elementor-element-62af5964 elementor-hidden-tablet elementor-section-boxed elementor-section-height-default elementor-section-height-default\" data-id=\"62af5964\" data-element_type=\"section\" data-e-type=\"section\">\n\t\t\t\t\t\t<div class=\"elementor-container elementor-column-gap-default\">\n\t\t\t\t\t<div class=\"elementor-column elementor-col-100 elementor-top-column elementor-element elementor-element-1cfb7b2e\" data-id=\"1cfb7b2e\" data-element_type=\"column\" data-e-type=\"column\">\n\t\t\t<div class=\"elementor-widget-wrap elementor-element-populated\">\n\t\t\t\t\t\t<section class=\"elementor-section elementor-inner-section elementor-element elementor-element-3bdf9c22 elementor-section-boxed elementor-section-height-default elementor-section-height-default\" data-id=\"3bdf9c22\" data-element_type=\"section\" data-e-type=\"section\">\n\t\t\t\t\t\t<div class=\"elementor-container elementor-column-gap-default\">\n\t\t\t\t\t<div class=\"elementor-column elementor-col-25 elementor-inner-column elementor-element elementor-element-525961e0\" data-id=\"525961e0\" data-element_type=\"column\" data-e-type=\"column\">\n\t\t\t<div class=\"elementor-widget-wrap\">\n\t\t\t\t\t\t\t<\/div>\n\t\t<\/div>\n\t\t\t\t<div class=\"elementor-column elementor-col-25 elementor-inner-column elementor-element elementor-element-c05f415\" data-id=\"c05f415\" data-element_type=\"column\" data-e-type=\"column\">\n\t\t\t<div class=\"elementor-widget-wrap elementor-element-populated\">\n\t\t\t\t\t\t<div class=\"elementor-element elementor-element-6f3c678 elementor-widget elementor-widget-image\" data-id=\"6f3c678\" data-element_type=\"widget\" data-e-type=\"widget\" data-widget_type=\"image.default\">\n\t\t\t\t<div class=\"elementor-widget-container\">\n\t\t\t\t\t\t\t\t\t\t\t\t\t\t\t<img fetchpriority=\"high\" decoding=\"async\" width=\"640\" height=\"640\" src=\"https:\/\/www.aldealatam.com\/wp-content\/uploads\/2024\/09\/gian.jpg\" class=\"attachment-large size-large wp-image-6841\" alt=\"\" srcset=\"https:\/\/www.aldealatam.com\/wp-content\/uploads\/2024\/09\/gian.jpg 892w, https:\/\/www.aldealatam.com\/wp-content\/uploads\/2024\/09\/gian-300x300.jpg 300w, https:\/\/www.aldealatam.com\/wp-content\/uploads\/2024\/09\/gian-150x150.jpg 150w, https:\/\/www.aldealatam.com\/wp-content\/uploads\/2024\/09\/gian-768x768.jpg 768w, https:\/\/www.aldealatam.com\/wp-content\/uploads\/2024\/09\/gian-12x12.jpg 12w, https:\/\/www.aldealatam.com\/wp-content\/uploads\/2024\/09\/gian-400x400.jpg 400w, https:\/\/www.aldealatam.com\/wp-content\/uploads\/2024\/09\/gian-75x75.jpg 75w, https:\/\/www.aldealatam.com\/wp-content\/uploads\/2024\/09\/gian-460x460.jpg 460w\" sizes=\"(max-width: 640px) 100vw, 640px\" \/>\t\t\t\t\t\t\t\t\t\t\t\t\t\t\t<\/div>\n\t\t\t\t<\/div>\n\t\t\t\t<div class=\"elementor-element elementor-element-9cc4ce9 elementor-invisible elementor-widget elementor-widget-pix-text\" data-id=\"9cc4ce9\" data-element_type=\"widget\" data-e-type=\"widget\" data-widget_type=\"pix-text.default\">\n\t\t\t\t<div class=\"elementor-widget-container\">\n\t\t\t\t\t<div class=\"pix-el-text w-100 text-center\" ><div class=\"d-inline-block\" style=\"max-width:600px;\"><p class=\"text-24 m-0 text-heading-default text-center font-weight-bold secondary-font\" ><span class=\"text-heading-default animate-in d-inline-block\" data-anim-delay=\"200\" data-anim-type=\"fade-in-up\">Gianfranco Ciancaglini<\/span><\/p><\/div><\/div>\t\t\t\t<\/div>\n\t\t\t\t<\/div>\n\t\t\t\t<div class=\"elementor-element elementor-element-b84f366 elementor-invisible elementor-widget elementor-widget-pix-text\" data-id=\"b84f366\" data-element_type=\"widget\" data-e-type=\"widget\" data-widget_type=\"pix-text.default\">\n\t\t\t\t<div class=\"elementor-widget-container\">\n\t\t\t\t\t<div class=\"pix-el-text w-100 text-center\" ><div class=\"d-inline-block\" style=\"max-width:600px;\"><p class=\"text-18 m-0 text-heading-default text-center secondary-font\" ><span class=\"text-heading-default animate-in d-inline-block\" data-anim-delay=\"200\" data-anim-type=\"fade-in-up\">Responsable Comercial, ALDEA Desaf\u00edos Digitales<\/span><\/p><\/div><\/div>\t\t\t\t<\/div>\n\t\t\t\t<\/div>\n\t\t\t\t\t<\/div>\n\t\t<\/div>\n\t\t\t\t<div class=\"elementor-column elementor-col-25 elementor-inner-column elementor-element elementor-element-3c4af36\" data-id=\"3c4af36\" data-element_type=\"column\" data-e-type=\"column\">\n\t\t\t<div class=\"elementor-widget-wrap elementor-element-populated\">\n\t\t\t\t\t\t<div class=\"elementor-element elementor-element-52c7e10 elementor-widget elementor-widget-image\" data-id=\"52c7e10\" data-element_type=\"widget\" data-e-type=\"widget\" data-widget_type=\"image.default\">\n\t\t\t\t<div class=\"elementor-widget-container\">\n\t\t\t\t\t\t\t\t\t\t\t\t\t\t\t<img decoding=\"async\" width=\"640\" height=\"640\" src=\"https:\/\/www.aldealatam.com\/wp-content\/uploads\/2024\/09\/javier-768x768.jpg\" class=\"attachment-medium_large size-medium_large wp-image-6840\" alt=\"\" srcset=\"https:\/\/www.aldealatam.com\/wp-content\/uploads\/2024\/09\/javier-768x768.jpg 768w, https:\/\/www.aldealatam.com\/wp-content\/uploads\/2024\/09\/javier-300x300.jpg 300w, https:\/\/www.aldealatam.com\/wp-content\/uploads\/2024\/09\/javier-1024x1024.jpg 1024w, https:\/\/www.aldealatam.com\/wp-content\/uploads\/2024\/09\/javier-150x150.jpg 150w, https:\/\/www.aldealatam.com\/wp-content\/uploads\/2024\/09\/javier-1536x1536.jpg 1536w, https:\/\/www.aldealatam.com\/wp-content\/uploads\/2024\/09\/javier-2048x2048.jpg 2048w, https:\/\/www.aldealatam.com\/wp-content\/uploads\/2024\/09\/javier-12x12.jpg 12w, https:\/\/www.aldealatam.com\/wp-content\/uploads\/2024\/09\/javier-400x400.jpg 400w, https:\/\/www.aldealatam.com\/wp-content\/uploads\/2024\/09\/javier-75x75.jpg 75w, https:\/\/www.aldealatam.com\/wp-content\/uploads\/2024\/09\/javier-460x460.jpg 460w\" sizes=\"(max-width: 640px) 100vw, 640px\" \/>\t\t\t\t\t\t\t\t\t\t\t\t\t\t\t<\/div>\n\t\t\t\t<\/div>\n\t\t\t\t<div class=\"elementor-element elementor-element-35a2735 elementor-invisible elementor-widget elementor-widget-pix-text\" data-id=\"35a2735\" data-element_type=\"widget\" data-e-type=\"widget\" data-widget_type=\"pix-text.default\">\n\t\t\t\t<div class=\"elementor-widget-container\">\n\t\t\t\t\t<div class=\"pix-el-text w-100 text-center\" ><div class=\"d-inline-block\" style=\"max-width:600px;\"><p class=\"text-24 m-0 text-heading-default text-center font-weight-bold secondary-font\" ><span class=\"text-heading-default animate-in d-inline-block\" data-anim-delay=\"200\" data-anim-type=\"fade-in-up\">Javier Fuentes\n<\/span><\/p><\/div><\/div>\t\t\t\t<\/div>\n\t\t\t\t<\/div>\n\t\t\t\t<div class=\"elementor-element elementor-element-0f34c73 elementor-invisible elementor-widget elementor-widget-pix-text\" data-id=\"0f34c73\" data-element_type=\"widget\" data-e-type=\"widget\" data-widget_type=\"pix-text.default\">\n\t\t\t\t<div class=\"elementor-widget-container\">\n\t\t\t\t\t<div class=\"pix-el-text w-100 text-center\" ><div class=\"d-inline-block\" style=\"max-width:600px;\"><p class=\"text-18 m-0 text-heading-default text-center secondary-font\" ><span class=\"text-heading-default animate-in d-inline-block\" data-anim-delay=\"200\" data-anim-type=\"fade-in-up\">Gerente de Operaciones, ALDEA Desaf\u00edos Digitales<\/span><\/p><\/div><\/div>\t\t\t\t<\/div>\n\t\t\t\t<\/div>\n\t\t\t\t\t<\/div>\n\t\t<\/div>\n\t\t\t\t<div class=\"elementor-column elementor-col-25 elementor-inner-column elementor-element elementor-element-d890874\" data-id=\"d890874\" data-element_type=\"column\" data-e-type=\"column\">\n\t\t\t<div class=\"elementor-widget-wrap\">\n\t\t\t\t\t\t\t<\/div>\n\t\t<\/div>\n\t\t\t\t\t<\/div>\n\t\t<\/section>\n\t\t\t\t<div class=\"elementor-element elementor-element-e9037e9 elementor-widget-divider--view-line elementor-widget elementor-widget-divider\" data-id=\"e9037e9\" data-element_type=\"widget\" data-e-type=\"widget\" data-widget_type=\"divider.default\">\n\t\t\t\t<div class=\"elementor-widget-container\">\n\t\t\t\t\t\t\t<div class=\"elementor-divider\">\n\t\t\t<span class=\"elementor-divider-separator\">\n\t\t\t\t\t\t<\/span>\n\t\t<\/div>\n\t\t\t\t\t\t<\/div>\n\t\t\t\t<\/div>\n\t\t\t\t<section class=\"elementor-section elementor-inner-section elementor-element elementor-element-dfdbb3e elementor-section-boxed elementor-section-height-default elementor-section-height-default\" data-id=\"dfdbb3e\" data-element_type=\"section\" data-e-type=\"section\">\n\t\t\t\t\t\t<div class=\"elementor-container elementor-column-gap-default\">\n\t\t\t\t\t<div class=\"elementor-column elementor-col-100 elementor-inner-column elementor-element elementor-element-1824434\" data-id=\"1824434\" data-element_type=\"column\" data-e-type=\"column\">\n\t\t\t<div class=\"elementor-widget-wrap elementor-element-populated\">\n\t\t\t\t\t\t<div class=\"elementor-element elementor-element-10b904b elementor-widget elementor-widget-pix-button\" data-id=\"10b904b\" data-element_type=\"widget\" data-e-type=\"widget\" data-widget_type=\"pix-button.default\">\n\t\t\t\t<div class=\"elementor-widget-container\">\n\t\t\t\t\t<a  href=\"https:\/\/events.teams.microsoft.com\/event\/aa9da5c9-6d3a-4e4d-8c01-48c58b6ea790@7f3c2d4b-145a-42ce-bf6b-67a7d208f171\/registration\" class=\"btn m-0     btn-primary d-inline-block      btn-xl\"     ><i class=\"font-weight-bold pixicon-check-square-2   mr-1\"><\/i> <span class=\"font-weight-bold\" >QUIERO INSCRIBIRME AL WEBINAR<\/span><\/a>\t\t\t\t<\/div>\n\t\t\t\t<\/div>\n\t\t\t\t\t<\/div>\n\t\t<\/div>\n\t\t\t\t\t<\/div>\n\t\t<\/section>\n\t\t\t\t\t<\/div>\n\t\t<\/div>\n\t\t\t\t\t<\/div>\n\t\t<\/section>\n\t\t\t\t<\/div>","protected":false},"excerpt":{"rendered":"WEBINAR EXCLUSIVO Automatizaci\u00f3n Inteligente: Business Central y Copilot en Acci\u00f3nTu Socio en Soluciones ERP Temas Destacar c\u00f3mo la combinaci\u00f3n de Business Central y Copilot puede transformar la eficiencia operativa. Ejemplos concretos de tareas automatizadas y flujos de trabajo simplificados. Este&#8230;","protected":false},"author":7,"featured_media":0,"parent":0,"menu_order":0,"comment_status":"closed","ping_status":"closed","template":"","meta":{"_joinchat":{"view":"no"},"footnotes":""},"class_list":["post-6783","page","type-page","status-publish","hentry"],"_links":{"self":[{"href":"https:\/\/www.aldealatam.com\/en\/wp-json\/wp\/v2\/pages\/6783"}],"collection":[{"href":"https:\/\/www.aldealatam.com\/en\/wp-json\/wp\/v2\/pages"}],"about":[{"href":"https:\/\/www.aldealatam.com\/en\/wp-json\/wp\/v2\/types\/page"}],"author":[{"embeddable":true,"href":"https:\/\/www.aldealatam.com\/en\/wp-json\/wp\/v2\/users\/7"}],"replies":[{"embeddable":true,"href":"https:\/\/www.aldealatam.com\/en\/wp-json\/wp\/v2\/comments?post=6783"}],"version-history":[{"count":70,"href":"https:\/\/www.aldealatam.com\/en\/wp-json\/wp\/v2\/pages\/6783\/revisions"}],"predecessor-version":[{"id":6931,"href":"https:\/\/www.aldealatam.com\/en\/wp-json\/wp\/v2\/pages\/6783\/revisions\/6931"}],"wp:attachment":[{"href":"https:\/\/www.aldealatam.com\/en\/wp-json\/wp\/v2\/media?parent=6783"}],"curies":[{"name":"wp","href":"https:\/\/api.w.org\/{rel}","templated":true}]}}